{"id":308,"date":"2013-10-11T23:51:52","date_gmt":"2013-10-11T23:51:52","guid":{"rendered":"http:\/\/themes.bdayh.com\/manshet\/?page_id=6"},"modified":"2017-06-27T11:38:22","modified_gmt":"2017-06-27T09:38:22","slug":"contact-us","status":"publish","type":"page","link":"http:\/\/east-sea.de\/vi\/contact-us\/","title":{"rendered":"Li\u00ean h\u1ec7"},"content":{"rendered":"East-Sea.de<\/p>\n<p>Herzberg Str. 33 \u2013 34<br \/>\nT\u1ea7ng 3\/ Ph\u00f2ng 409<br \/>\n10365 Berlin<\/p>\n<p>M\u00e3 s\u1ed1 \u0111\u0103ng k\u00fd: 32\/470\/62647\n<p>Aufrufe: 13666<\/p>","protected":false},"excerpt":{"rendered":"<p>East-Sea.de Herzberg Str. 33 \u2013 34 T\u1ea7ng 3\/ Ph\u00f2ng 409 10365 Berlin M\u00e3 s\u1ed1 \u0111\u0103ng k\u00fd: 32\/470\/62647 Aufrufe: 13666<\/p>\n","protected":false},"author":1,"featured_media":0,"parent":0,"menu_order":0,"comment_status":"open","ping_status":"open","template":"templates\/templet-contactus.php","meta":[],"aioseo_notices":[],"_links":{"self":[{"href":"http:\/\/east-sea.de\/vi\/wp-json\/wp\/v2\/pages\/308"}],"collection":[{"href":"http:\/\/east-sea.de\/vi\/wp-json\/wp\/v2\/pages"}],"about":[{"href":"http:\/\/east-sea.de\/vi\/wp-json\/wp\/v2\/types\/page"}],"author":[{"embeddable":true,"href":"http:\/\/east-sea.de\/vi\/wp-json\/wp\/v2\/users\/1"}],"replies":[{"embeddable":true,"href":"http:\/\/east-sea.de\/vi\/wp-json\/wp\/v2\/comments?post=308"}],"version-history":[{"count":2,"href":"http:\/\/east-sea.de\/vi\/wp-json\/wp\/v2\/pages\/308\/revisions"}],"predecessor-version":[{"id":1302,"href":"http:\/\/east-sea.de\/vi\/wp-json\/wp\/v2\/pages\/308\/revisions\/1302"}],"wp:attachment":[{"href":"http:\/\/east-sea.de\/vi\/wp-json\/wp\/v2\/media?parent=308"}],"curies":[{"name":"wp","href":"https:\/\/api.w.org\/{rel}","templated":true}]}}